{"id":107420,"date":"2021-08-18T19:51:01","date_gmt":"2021-08-18T17:51:01","guid":{"rendered":"https:\/\/staging.cap-anamur.com\/impressum\/"},"modified":"2025-10-15T12:13:42","modified_gmt":"2025-10-15T10:13:42","slug":"impressum","status":"publish","type":"page","link":"https:\/\/cap-anamur.org\/en\/impressum\/","title":{"rendered":"Impressum"},"content":{"rendered":"<div class=\"wpb-content-wrapper\"><p>[vc_row row_height_percent=&#8221;0&#8243; override_padding=&#8221;yes&#8221; h_padding=&#8221;2&#8243; top_padding=&#8221;2&#8243; bottom_padding=&#8221;4&#8243; overlay_alpha=&#8221;50&#8243; gutter_size=&#8221;4&#8243; column_width_percent=&#8221;100&#8243; shift_y=&#8221;0&#8243; z_index=&#8221;0&#8243; uncode_shortcode_id=&#8221;421382&#8243;][vc_column width=&#8221;1\/1&#8243;][vc_custom_heading auto_text=&#8221;yes&#8221; heading_semantic=&#8221;h1&#8243; text_size=&#8221;&#8221; uncode_shortcode_id=&#8221;308771&#8243;]This is a custom heading element.[\/vc_custom_heading][vc_column_text uncode_shortcode_id=&#8221;119830&#8243;]<\/p>\n<h5>Angaben gem\u00e4\u00df \u00a7 5 TMG<\/h5>\n<p>Cap Anamur \/ Deutsche Not-\u00c4rzte e.V.<br \/>\nTheb\u00e4erstra\u00dfe 30<br \/>\n50823 K\u00f6ln<\/p>\n<p><strong>Kontakt<\/strong><br \/>\nTelefon: 0221 \u2013 9 13 81 50<br \/>\nTelefax: 0221 \u2013 9 13 81 59<br \/>\nE-Mail: <a href=\"mailto:office@cap-anamur.org\">office@cap-anamur.org<\/a><\/p>\n<p><strong>Registergericht<\/strong>: Amtsgericht K\u00f6ln<br \/>\n<strong>Registernummer<\/strong>: 43 VR 7768<\/p>\n<p><strong>Vertretungsberechtigter Vorstand<\/strong><br \/>\nVolker Rath<br \/>\nDr. Werner H\u00f6fner<br \/>\nBoris Dieckow<\/p>\n<h5>Ansprechpartnerin Website<\/h5>\n<p>Leonie Bohmann<br \/>\nE-Mail: <a href=\"mailto:presse@cap-anamur.org\">presse@cap-anamur.org<\/a><\/p>\n<h5>Unser Spendenkonto<\/h5>\n<p>IBAN: DE85 3705 0198 0002 2222 22<br \/>\nBIC: COLSDE33<br \/>\nSparkasse K\u00f6lnBonn<\/p>\n<h5>Ansprechpartner Spendenverwaltung<\/h5>\n<p>Christopher Warnecke<br \/>\nE-Mail: <a href=\"mailto:spenden@cap-anamur.org\">spenden@cap-anamur.org<\/a><\/p>\n<h5>Haftungshinweis<\/h5>\n<p>Trotz sorgf\u00e4ltiger inhaltlicher Kontrolle \u00fcbernehmen wir keine Haftung f\u00fcr die Inhalte externer Links. F\u00fcr den Inhalt der verlinkten Seiten sind ausschlie\u00dflich deren Betreiber:innen verantwortlich.<\/p>\n<h5>F\u00f6rderkreis<\/h5>\n<p>Gerhart-Rudolf Baum (\u2020), Dr. Alfred Biolek (\u2020), Dr. Norbert Bl\u00fcm (\u2020), Freimut Duve, Bruno Ganz (\u2020), Dr. Heiner Gei\u00dfler (\u2020), Dr. Hildegard Hamm-Br\u00fccher, Navid Kermani, Hans Koschnik, Helmut Schmidt (\u2020), Prof. Dr. Benno Ure<\/p>\n<h5>Copyright<\/h5>\n<p>Es gilt das deutsche Urheberrecht. Das Copyright f\u00fcr auf dieser Seite ver\u00f6ffentlichte Inhalte jeglicher Art, verbleibt allein bei den jeweiligen Urheber:innen. Eine Vervielf\u00e4ltigung oder Verwendung von Fotos, Grafiken, Tondokumenten, Videosequenzen oder Texten in anderen elektronischen oder gedruckten Publikationen ist ohne ausdr\u00fcckliche Zustimmung der jeweiligen Urheber:innen nicht gestattet.<\/p>\n<h5>Design &amp; Umsetzung<\/h5>\n<p>D\u00c9PASZ Design<br \/>\n<a href=\"https:\/\/depaszdesign.com\/\" target=\"_blank\" rel=\"noopener\">depaszdesign.com<\/a><\/p>\n<p>&nbsp;[\/vc_column_text][\/vc_column][\/vc_row]<\/p>\n<\/div>","protected":false},"excerpt":{"rendered":"<p>[vc_row row_height_percent=&#8221;0&#8243; override_padding=&#8221;yes&#8221; h_padding=&#8221;2&#8243; top_padding=&#8221;2&#8243; bottom_padding=&#8221;4&#8243; overlay_alpha=&#8221;50&#8243; gutter_size=&#8221;4&#8243; column_width_percent=&#8221;100&#8243; shift_y=&#8221;0&#8243; z_index=&#8221;0&#8243; uncode_shortcode_id=&#8221;421382&#8243;][vc_column width=&#8221;1\/1&#8243;][vc_custom_heading auto_text=&#8221;yes&#8221; heading_semantic=&#8221;h1&#8243; text_size=&#8221;&#8221; uncode_shortcode_id=&#8221;308771&#8243;]This is a custom [&hellip;]<\/p>\n","protected":false},"author":1,"featured_media":0,"parent":0,"menu_order":0,"comment_status":"closed","ping_status":"closed","template":"","meta":{"_acf_changed":false,"footnotes":""},"class_list":["post-107420","page","type-page","status-publish","hentry"],"acf":[],"_links":{"self":[{"href":"https:\/\/cap-anamur.org\/en\/wp-json\/wp\/v2\/pages\/107420","targetHints":{"allow":["GET"]}}],"collection":[{"href":"https:\/\/cap-anamur.org\/en\/wp-json\/wp\/v2\/pages"}],"about":[{"href":"https:\/\/cap-anamur.org\/en\/wp-json\/wp\/v2\/types\/page"}],"author":[{"embeddable":true,"href":"https:\/\/cap-anamur.org\/en\/wp-json\/wp\/v2\/users\/1"}],"replies":[{"embeddable":true,"href":"https:\/\/cap-anamur.org\/en\/wp-json\/wp\/v2\/comments?post=107420"}],"version-history":[{"count":15,"href":"https:\/\/cap-anamur.org\/en\/wp-json\/wp\/v2\/pages\/107420\/revisions"}],"predecessor-version":[{"id":114505,"href":"https:\/\/cap-anamur.org\/en\/wp-json\/wp\/v2\/pages\/107420\/revisions\/114505"}],"wp:attachment":[{"href":"https:\/\/cap-anamur.org\/en\/wp-json\/wp\/v2\/media?parent=107420"}],"curies":[{"name":"wp","href":"https:\/\/api.w.org\/{rel}","templated":true}]}}