{"id":108152,"date":"2022-07-07T16:25:54","date_gmt":"2022-07-07T14:25:54","guid":{"rendered":"https:\/\/cap-anamur.org\/collaborate\/staff-portraits\/sarah-schuetz\/"},"modified":"2023-09-27T14:18:48","modified_gmt":"2023-09-27T12:18:48","slug":"sarah-schuetz","status":"publish","type":"page","link":"https:\/\/cap-anamur.org\/en\/jobs\/staff-portraits\/sarah-schuetz\/","title":{"rendered":"Sarah Sch\u00fctz"},"content":{"rendered":"<div class=\"wpb-content-wrapper\"><p>[vc_row row_height_percent=&#8221;0&#8243; override_padding=&#8221;yes&#8221; h_padding=&#8221;2&#8243; top_padding=&#8221;5&#8243; bottom_padding=&#8221;3&#8243; overlay_alpha=&#8221;100&#8243; gutter_size=&#8221;3&#8243; column_width_percent=&#8221;100&#8243; shift_y=&#8221;0&#8243; z_index=&#8221;0&#8243; row_height_use_pixel=&#8221;&#8221;][vc_column column_width_use_pixel=&#8221;yes&#8221; gutter_size=&#8221;2&#8243; overlay_alpha=&#8221;50&#8243; shift_x=&#8221;0&#8243; shift_y=&#8221;0&#8243; shift_y_down=&#8221;0&#8243; z_index=&#8221;0&#8243; medium_width=&#8221;0&#8243; mobile_width=&#8221;0&#8243; zoom_width=&#8221;0&#8243; zoom_height=&#8221;0&#8243; column_width_pixel=&#8221;800&#8243; uncode_shortcode_id=&#8221;283622&#8243;][vc_custom_heading auto_text=&#8221;yes&#8221; heading_semantic=&#8221;p&#8221; text_size=&#8221;h6&#8243; text_transform=&#8221;uppercase&#8221; text_height=&#8221;&#8221; text_space=&#8221;fontspace-1px&#8221; uncode_shortcode_id=&#8221;141603&#8243;][\/vc_custom_heading][vc_custom_heading heading_semantic=&#8221;h1&#8243; text_size=&#8221;&#8221; text_height=&#8221;&#8221; uncode_shortcode_id=&#8221;441713&#8243;]On assignment as a midwife in the Central African Republic[\/vc_custom_heading][vc_column_text uncode_shortcode_id=&#8221;890252&#8243;]<img decoding=\"async\" class=\"alignnone wp-image-101496\" src=\"https:\/\/cap-anamur.org\/wp-content\/uploads\/2021\/09\/Wave_Blue.svg\" alt=\"\" width=\"102\" height=\"8\">[\/vc_column_text][\/vc_column][\/vc_row][vc_row row_height_percent=&#8221;0&#8243; override_padding=&#8221;yes&#8221; h_padding=&#8221;2&#8243; top_padding=&#8221;0&#8243; bottom_padding=&#8221;0&#8243; overlay_alpha=&#8221;100&#8243; gutter_size=&#8221;3&#8243; column_width_percent=&#8221;100&#8243; shift_y=&#8221;0&#8243; z_index=&#8221;0&#8243; row_height_use_pixel=&#8221;&#8221;][vc_column column_width_use_pixel=&#8221;yes&#8221; gutter_size=&#8221;3&#8243; overlay_alpha=&#8221;50&#8243; shift_x=&#8221;0&#8243; shift_y=&#8221;0&#8243; medium_width=&#8221;0&#8243; zoom_width=&#8221;0&#8243; zoom_height=&#8221;0&#8243; width=&#8221;5\/6&#8243;][vc_single_image media=&#8221;104927&#8243; caption=&#8221;yes&#8221; media_width_use_pixel=&#8221;yes&#8221; alignment=&#8221;center&#8221; media_title_uppercase=&#8221;&#8221; uncode_shortcode_id=&#8221;201197&#8243; media_width_pixel=&#8221;520&#8243;][\/vc_column][vc_column column_width_percent=&#8221;100&#8243; gutter_size=&#8221;0&#8243; overlay_alpha=&#8221;50&#8243; shift_x=&#8221;0&#8243; shift_y=&#8221;0&#8243; shift_y_down=&#8221;0&#8243; z_index=&#8221;0&#8243; medium_width=&#8221;0&#8243; mobile_width=&#8221;0&#8243; zoom_width=&#8221;0&#8243; zoom_height=&#8221;0&#8243; width=&#8221;1\/6&#8243; uncode_shortcode_id=&#8221;156021&#8243;][vc_custom_heading text_color=&#8221;color-dark-blue&#8221; heading_semantic=&#8221;p&#8221; text_size=&#8221;h6&#8243; text_transform=&#8221;uppercase&#8221; text_height=&#8221;&#8221; text_space=&#8221;fontspace-1px&#8221; uncode_shortcode_id=&#8221;279076&#8243; text_color_type=&#8221;uncode-palette&#8221;]Name[\/vc_custom_heading][vc_empty_space empty_h=&#8221;0&#8243;][vc_custom_heading auto_text=&#8221;yes&#8221; heading_semantic=&#8221;p&#8221; text_size=&#8221;h5&#8243; text_height=&#8221;&#8221; uncode_shortcode_id=&#8221;455407&#8243;]Sarah Sch\u00fctz[\/vc_custom_heading][vc_empty_space empty_h=&#8221;2&#8243;][vc_custom_heading text_color=&#8221;color-dark-blue&#8221; heading_semantic=&#8221;p&#8221; text_size=&#8221;h6&#8243; text_transform=&#8221;uppercase&#8221; text_height=&#8221;&#8221; text_space=&#8221;fontspace-1px&#8221; uncode_shortcode_id=&#8221;845188&#8243; text_color_type=&#8221;uncode-palette&#8221;]Age[\/vc_custom_heading][vc_empty_space empty_h=&#8221;0&#8243;][vc_custom_heading heading_semantic=&#8221;p&#8221; text_size=&#8221;h5&#8243; text_height=&#8221;&#8221; uncode_shortcode_id=&#8221;272225&#8243;]27 years old[\/vc_custom_heading][vc_empty_space empty_h=&#8221;2&#8243;][vc_custom_heading text_color=&#8221;color-dark-blue&#8221; heading_semantic=&#8221;p&#8221; text_size=&#8221;h6&#8243; text_transform=&#8221;uppercase&#8221; text_height=&#8221;&#8221; text_space=&#8221;fontspace-1px&#8221; uncode_shortcode_id=&#8221;115354&#8243; text_color_type=&#8221;uncode-palette&#8221;]Profession[\/vc_custom_heading][vc_empty_space empty_h=&#8221;0&#8243;][vc_custom_heading heading_semantic=&#8221;p&#8221; text_size=&#8221;h5&#8243; text_height=&#8221;&#8221; uncode_shortcode_id=&#8221;160084&#8243;]Midwife[\/vc_custom_heading][vc_empty_space empty_h=&#8221;2&#8243;][vc_custom_heading text_color=&#8221;color-dark-blue&#8221; heading_semantic=&#8221;p&#8221; text_size=&#8221;h6&#8243; text_transform=&#8221;uppercase&#8221; text_height=&#8221;&#8221; text_space=&#8221;fontspace-1px&#8221; uncode_shortcode_id=&#8221;196381&#8243; text_color_type=&#8221;uncode-palette&#8221;]Country of operation[\/vc_custom_heading][vc_empty_space empty_h=&#8221;0&#8243;][vc_custom_heading heading_semantic=&#8221;p&#8221; text_size=&#8221;h5&#8243; text_height=&#8221;&#8221; uncode_shortcode_id=&#8221;887437&#8243;]Central African Republic[\/vc_custom_heading][vc_empty_space empty_h=&#8221;2&#8243;][vc_custom_heading text_color=&#8221;color-dark-blue&#8221; heading_semantic=&#8221;p&#8221; text_size=&#8221;h6&#8243; text_transform=&#8221;uppercase&#8221; text_height=&#8221;&#8221; text_space=&#8221;fontspace-1px&#8221; uncode_shortcode_id=&#8221;125496&#8243; text_color_type=&#8221;uncode-palette&#8221;]Duration of mission[\/vc_custom_heading][vc_empty_space empty_h=&#8221;0&#8243;][vc_custom_heading heading_semantic=&#8221;p&#8221; text_size=&#8221;h5&#8243; text_height=&#8221;&#8221; uncode_shortcode_id=&#8221;694079&#8243;]6 months[\/vc_custom_heading][\/vc_column][\/vc_row][vc_row row_height_percent=&#8221;0&#8243; override_padding=&#8221;yes&#8221; h_padding=&#8221;2&#8243; top_padding=&#8221;3&#8243; bottom_padding=&#8221;2&#8243; overlay_alpha=&#8221;100&#8243; gutter_size=&#8221;3&#8243; column_width_percent=&#8221;100&#8243; shift_y=&#8221;0&#8243; z_index=&#8221;0&#8243; row_height_use_pixel=&#8221;&#8221; uncode_shortcode_id=&#8221;689297&#8243;][vc_column column_width_use_pixel=&#8221;yes&#8221; gutter_size=&#8221;2&#8243; overlay_alpha=&#8221;50&#8243; shift_x=&#8221;0&#8243; shift_y=&#8221;0&#8243; shift_y_down=&#8221;0&#8243; z_index=&#8221;0&#8243; medium_width=&#8221;0&#8243; mobile_width=&#8221;0&#8243; zoom_width=&#8221;0&#8243; zoom_height=&#8221;0&#8243; column_width_pixel=&#8221;800&#8243; uncode_shortcode_id=&#8221;123945&#8243;][vc_custom_heading heading_semantic=&#8221;h3&#8243; text_size=&#8221;h4&#8243; text_height=&#8221;&#8221; uncode_shortcode_id=&#8221;135649&#8243;]My everyday life in the project[\/vc_custom_heading][vc_column_text uncode_shortcode_id=&#8221;487694&#8243;]We do morning rounds, then I stay in the maternit\u00e9 and do consultation hours with the matr\u00f4nes for any kind of gynecological complaints and questions. At the same time, there is a consultation for pregnant women, led by an assistant accoucheuse, and if questions arise there, I am also the contact person for them. Of course, I am also present at births. Around noon, I eat together with my colleague, and then the afternoon rounds take place, again. I am also available throughout in obstetrical emergencies, since we live on the hospital grounds. One is called in the night, with questions about cesarean sections, uterine ruptures or trapped placenta. I also accompanied rounds in all the other services (pediatrics, surgery, and internal).[\/vc_column_text][vc_empty_space empty_h=&#8221;2&#8243;][vc_custom_heading heading_semantic=&#8221;h3&#8243; text_size=&#8221;h4&#8243; text_height=&#8221;&#8221; uncode_shortcode_id=&#8221;111969&#8243;]What did you like most about your work?[\/vc_custom_heading][vc_column_text uncode_shortcode_id=&#8221;124620&#8243;]In this case, I particularly liked the exchange with the staff on site in the delivery room. I really enjoyed working with them. I found it impressive how the women give birth to their child without any kind of anaesthetics. I also found it nice to see how the Matr\u00f4nes developed further in their work through our exchange.[\/vc_column_text][\/vc_column][\/vc_row][vc_row][vc_column width=&#8221;1\/1&#8243;][vc_single_image media=&#8221;104849&#8243; caption=&#8221;yes&#8221; media_width_use_pixel=&#8221;yes&#8221; alignment=&#8221;center&#8221; media_title_uppercase=&#8221;&#8221; uncode_shortcode_id=&#8221;533064&#8243; media_width_pixel=&#8221;520&#8243;][\/vc_column][\/vc_row][vc_row row_height_percent=&#8221;0&#8243; override_padding=&#8221;yes&#8221; h_padding=&#8221;2&#8243; top_padding=&#8221;2&#8243; bottom_padding=&#8221;4&#8243; overlay_alpha=&#8221;50&#8243; gutter_size=&#8221;3&#8243; column_width_percent=&#8221;100&#8243; shift_y=&#8221;0&#8243; z_index=&#8221;0&#8243; uncode_shortcode_id=&#8221;187681&#8243;][vc_column column_width_use_pixel=&#8221;yes&#8221; gutter_size=&#8221;2&#8243; overlay_alpha=&#8221;50&#8243; shift_x=&#8221;0&#8243; shift_y=&#8221;0&#8243; shift_y_down=&#8221;0&#8243; z_index=&#8221;0&#8243; medium_width=&#8221;0&#8243; mobile_width=&#8221;0&#8243; width=&#8221;1\/1&#8243; uncode_shortcode_id=&#8221;141455&#8243; column_width_pixel=&#8221;800&#8243;][vc_custom_heading heading_semantic=&#8221;h3&#8243; text_size=&#8221;h4&#8243; text_height=&#8221;&#8221; uncode_shortcode_id=&#8221;159023&#8243;]Reasons why you work for Cap Anamur:[\/vc_custom_heading][vc_column_text uncode_shortcode_id=&#8221;213119&#8243;]I find the idea of a small NGO more familial than a large apparatus like the UN or MSF (Doctors Without Borders).[\/vc_column_text][vc_empty_space empty_h=&#8221;2&#8243;][vc_custom_heading heading_semantic=&#8221;h3&#8243; text_size=&#8221;h4&#8243; text_height=&#8221;&#8221; uncode_shortcode_id=&#8221;191555&#8243;]Some memories or special moments:[\/vc_custom_heading][vc_column_text uncode_shortcode_id=&#8221;208551&#8243;]I remember a premature birth of twins by Maimuna (mother&#8217;s name), she directly understood that it was dire for her children and fought so hard for their survival. She pumped milk, gave milk independently through the feeding tube, and understood that the oxygen tubes were especially vital for her daughter&#8217;s survival. The family took turns with the kangaroo method to keep the kids warm. Unfortunately, her daughter didn&#8217;t make it. However, her son did progress wonderfully. That motivation and willpower of Maimuna was just incredibly impressive.[\/vc_column_text][\/vc_column][\/vc_row][vc_row][vc_column width=&#8221;1\/1&#8243;][uncode_block id=&#8221;101765&#8243;][\/vc_column][\/vc_row]<\/p>\n<\/div>","protected":false},"excerpt":{"rendered":"<p>Midwife Sarah Sch\u00fctz worked for six months in the Central African Republic at our hospital in Bossemb\u00e9l\u00e9. There she helped deliver many children including twins and premature babies.<\/p>\n","protected":false},"author":1,"featured_media":107150,"parent":108087,"menu_order":0,"comment_status":"closed","ping_status":"closed","template":"","meta":{"_acf_changed":false,"footnotes":""},"class_list":["post-108152","page","type-page","status-publish","has-post-thumbnail","hentry","page_category-team-members-in-portrait"],"acf":[],"_links":{"self":[{"href":"https:\/\/cap-anamur.org\/en\/wp-json\/wp\/v2\/pages\/108152","targetHints":{"allow":["GET"]}}],"collection":[{"href":"https:\/\/cap-anamur.org\/en\/wp-json\/wp\/v2\/pages"}],"about":[{"href":"https:\/\/cap-anamur.org\/en\/wp-json\/wp\/v2\/types\/page"}],"author":[{"embeddable":true,"href":"https:\/\/cap-anamur.org\/en\/wp-json\/wp\/v2\/users\/1"}],"replies":[{"embeddable":true,"href":"https:\/\/cap-anamur.org\/en\/wp-json\/wp\/v2\/comments?post=108152"}],"version-history":[{"count":3,"href":"https:\/\/cap-anamur.org\/en\/wp-json\/wp\/v2\/pages\/108152\/revisions"}],"predecessor-version":[{"id":111536,"href":"https:\/\/cap-anamur.org\/en\/wp-json\/wp\/v2\/pages\/108152\/revisions\/111536"}],"up":[{"embeddable":true,"href":"https:\/\/cap-anamur.org\/en\/wp-json\/wp\/v2\/pages\/108087"}],"wp:featuredmedia":[{"embeddable":true,"href":"https:\/\/cap-anamur.org\/en\/wp-json\/wp\/v2\/media\/107150"}],"wp:attachment":[{"href":"https:\/\/cap-anamur.org\/en\/wp-json\/wp\/v2\/media?parent=108152"}],"curies":[{"name":"wp","href":"https:\/\/api.w.org\/{rel}","templated":true}]}}